{"id":242,"date":"2024-01-25T10:59:53","date_gmt":"2024-01-25T10:59:53","guid":{"rendered":"http:\/\/localhost\/kantinafamiljare\/?page_id=242"},"modified":"2024-04-05T07:48:45","modified_gmt":"2024-04-05T07:48:45","slug":"vineyard","status":"publish","type":"page","link":"https:\/\/kantinafamiljareshehi.al\/al\/vineyard\/","title":{"rendered":"Vineyard"},"content":{"rendered":"","protected":false},"excerpt":{"rendered":"","protected":false},"author":1,"featured_media":0,"parent":0,"menu_order":0,"comment_status":"closed","ping_status":"closed","template":"pages\/vineyard.php","meta":{"footnotes":""},"class_list":["post-242","page","type-page","status-publish","hentry"],"yoast_head":"<!-- This site is optimized with the Yoast SEO plugin v22.1 - https:\/\/yoast.com\/wordpress\/plugins\/seo\/ -->\n<title>Vineyard - Kantina Familjare Shehi<\/title>\n<meta name=\"description\" content=\"Vineyard - B\u00ebrja e Ver\u00ebs - Hap pas hapi drejt shijes magjike - Sesionet tona t\u00eb shijimit t\u00eb ver\u00ebs t\u00eb kuruara me kujdes jan\u00eb krijuar p\u00ebr t\u00eb shfaqur shprehjet m\u00eb t\u00eb mira t\u00eb bujaris\u00eb s\u00eb vreshtit ton\u00eb. Nga intensiteti i fort\u00eb i Cabernet Sauvignon-it ton\u00eb te notat delikate t\u00eb Riesling-ut ton\u00eb, joshja e qet\u00eb e Merlot-it ton\u00eb dhe karakteri unik i vendlindjes son\u00eb Shesh i Zi, \u00e7do degustim \u00ebsht\u00eb nj\u00eb fest\u00eb e p\u00ebrkushtimit t\u00eb ver\u00ebs son\u00eb ndaj p\u00ebrsosm\u00ebris\u00eb.\" \/>\n<meta name=\"robots\" content=\"index, follow, max-snippet:-1, max-image-preview:large, max-video-preview:-1\" \/>\n<link rel=\"canonical\" href=\"https:\/\/kantinafamiljareshehi.al\/al\/vineyard\/\" \/>\n<meta property=\"og:locale\" content=\"sq_AL\" \/>\n<meta property=\"og:type\" content=\"article\" \/>\n<meta property=\"og:title\" content=\"Vineyard - Kantina Familjare Shehi\" \/>\n<meta property=\"og:description\" content=\"Vineyard - B\u00ebrja e Ver\u00ebs - Hap pas hapi drejt shijes magjike - Sesionet tona t\u00eb shijimit t\u00eb ver\u00ebs t\u00eb kuruara me kujdes jan\u00eb krijuar p\u00ebr t\u00eb shfaqur shprehjet m\u00eb t\u00eb mira t\u00eb bujaris\u00eb s\u00eb vreshtit ton\u00eb. Nga intensiteti i fort\u00eb i Cabernet Sauvignon-it ton\u00eb te notat delikate t\u00eb Riesling-ut ton\u00eb, joshja e qet\u00eb e Merlot-it ton\u00eb dhe karakteri unik i vendlindjes son\u00eb Shesh i Zi, \u00e7do degustim \u00ebsht\u00eb nj\u00eb fest\u00eb e p\u00ebrkushtimit t\u00eb ver\u00ebs son\u00eb ndaj p\u00ebrsosm\u00ebris\u00eb.\" \/>\n<meta property=\"og:url\" content=\"https:\/\/kantinafamiljareshehi.al\/al\/vineyard\/\" \/>\n<meta property=\"og:site_name\" content=\"Kantina Familjare Shehi\" \/>\n<meta property=\"article:publisher\" content=\"https:\/\/www.facebook.com\/p\/Kantina-FamiljareSHEHI-Farke-100064076227104\/\" \/>\n<meta property=\"article:modified_time\" content=\"2024-04-05T07:48:45+00:00\" \/>\n<meta name=\"twitter:card\" content=\"summary_large_image\" \/>\n<script type=\"application\/ld+json\" class=\"yoast-schema-graph\">{\"@context\":\"https:\/\/schema.org\",\"@graph\":[{\"@type\":\"WebPage\",\"@id\":\"https:\/\/kantinafamiljareshehi.al\/vineyard\/\",\"url\":\"https:\/\/kantinafamiljareshehi.al\/vineyard\/\",\"name\":\"Vineyard - Kantina Familjare Shehi\",\"isPartOf\":{\"@id\":\"https:\/\/kantinafamiljareshehi.al\/#website\"},\"datePublished\":\"2024-01-25T10:59:53+00:00\",\"dateModified\":\"2024-04-05T07:48:45+00:00\",\"description\":\"Vineyard - B\u00ebrja e Ver\u00ebs - Hap pas hapi drejt shijes magjike - Sesionet tona t\u00eb shijimit t\u00eb ver\u00ebs t\u00eb kuruara me kujdes jan\u00eb krijuar p\u00ebr t\u00eb shfaqur shprehjet m\u00eb t\u00eb mira t\u00eb bujaris\u00eb s\u00eb vreshtit ton\u00eb. Nga intensiteti i fort\u00eb i Cabernet Sauvignon-it ton\u00eb te notat delikate t\u00eb Riesling-ut ton\u00eb, joshja e qet\u00eb e Merlot-it ton\u00eb dhe karakteri unik i vendlindjes son\u00eb Shesh i Zi, \u00e7do degustim \u00ebsht\u00eb nj\u00eb fest\u00eb e p\u00ebrkushtimit t\u00eb ver\u00ebs son\u00eb ndaj p\u00ebrsosm\u00ebris\u00eb.\",\"breadcrumb\":{\"@id\":\"https:\/\/kantinafamiljareshehi.al\/vineyard\/#breadcrumb\"},\"inLanguage\":\"sq\",\"potentialAction\":[{\"@type\":\"ReadAction\",\"target\":[\"https:\/\/kantinafamiljareshehi.al\/vineyard\/\"]}]},{\"@type\":\"BreadcrumbList\",\"@id\":\"https:\/\/kantinafamiljareshehi.al\/vineyard\/#breadcrumb\",\"itemListElement\":[{\"@type\":\"ListItem\",\"position\":1,\"name\":\"Home\",\"item\":\"https:\/\/kantinafamiljareshehi.al\/\"},{\"@type\":\"ListItem\",\"position\":2,\"name\":\"Vineyard\"}]},{\"@type\":\"WebSite\",\"@id\":\"https:\/\/kantinafamiljareshehi.al\/#website\",\"url\":\"https:\/\/kantinafamiljareshehi.al\/\",\"name\":\"Kantina Familjare Shehi\",\"description\":\"\",\"alternateName\":\"Kantina Familjare Shehi\",\"potentialAction\":[{\"@type\":\"SearchAction\",\"target\":{\"@type\":\"EntryPoint\",\"urlTemplate\":\"https:\/\/kantinafamiljareshehi.al\/?s={search_term_string}\"},\"query-input\":\"required name=search_term_string\"}],\"inLanguage\":\"sq\"}]}<\/script>\n<!-- \/ Yoast SEO plugin. -->","yoast_head_json":{"title":"Vineyard - Kantina Familjare Shehi","description":"Vineyard - B\u00ebrja e Ver\u00ebs - Hap pas hapi drejt shijes magjike - Sesionet tona t\u00eb shijimit t\u00eb ver\u00ebs t\u00eb kuruara me kujdes jan\u00eb krijuar p\u00ebr t\u00eb shfaqur shprehjet m\u00eb t\u00eb mira t\u00eb bujaris\u00eb s\u00eb vreshtit ton\u00eb. Nga intensiteti i fort\u00eb i Cabernet Sauvignon-it ton\u00eb te notat delikate t\u00eb Riesling-ut ton\u00eb, joshja e qet\u00eb e Merlot-it ton\u00eb dhe karakteri unik i vendlindjes son\u00eb Shesh i Zi, \u00e7do degustim \u00ebsht\u00eb nj\u00eb fest\u00eb e p\u00ebrkushtimit t\u00eb ver\u00ebs son\u00eb ndaj p\u00ebrsosm\u00ebris\u00eb.","robots":{"index":"index","follow":"follow","max-snippet":"max-snippet:-1","max-image-preview":"max-image-preview:large","max-video-preview":"max-video-preview:-1"},"canonical":"https:\/\/kantinafamiljareshehi.al\/al\/vineyard\/","og_locale":"sq_AL","og_type":"article","og_title":"Vineyard - Kantina Familjare Shehi","og_description":"Vineyard - B\u00ebrja e Ver\u00ebs - Hap pas hapi drejt shijes magjike - Sesionet tona t\u00eb shijimit t\u00eb ver\u00ebs t\u00eb kuruara me kujdes jan\u00eb krijuar p\u00ebr t\u00eb shfaqur shprehjet m\u00eb t\u00eb mira t\u00eb bujaris\u00eb s\u00eb vreshtit ton\u00eb. Nga intensiteti i fort\u00eb i Cabernet Sauvignon-it ton\u00eb te notat delikate t\u00eb Riesling-ut ton\u00eb, joshja e qet\u00eb e Merlot-it ton\u00eb dhe karakteri unik i vendlindjes son\u00eb Shesh i Zi, \u00e7do degustim \u00ebsht\u00eb nj\u00eb fest\u00eb e p\u00ebrkushtimit t\u00eb ver\u00ebs son\u00eb ndaj p\u00ebrsosm\u00ebris\u00eb.","og_url":"https:\/\/kantinafamiljareshehi.al\/al\/vineyard\/","og_site_name":"Kantina Familjare Shehi","article_publisher":"https:\/\/www.facebook.com\/p\/Kantina-FamiljareSHEHI-Farke-100064076227104\/","article_modified_time":"2024-04-05T07:48:45+00:00","twitter_card":"summary_large_image","schema":{"@context":"https:\/\/schema.org","@graph":[{"@type":"WebPage","@id":"https:\/\/kantinafamiljareshehi.al\/vineyard\/","url":"https:\/\/kantinafamiljareshehi.al\/vineyard\/","name":"Vineyard - Kantina Familjare Shehi","isPartOf":{"@id":"https:\/\/kantinafamiljareshehi.al\/#website"},"datePublished":"2024-01-25T10:59:53+00:00","dateModified":"2024-04-05T07:48:45+00:00","description":"Vineyard - B\u00ebrja e Ver\u00ebs - Hap pas hapi drejt shijes magjike - Sesionet tona t\u00eb shijimit t\u00eb ver\u00ebs t\u00eb kuruara me kujdes jan\u00eb krijuar p\u00ebr t\u00eb shfaqur shprehjet m\u00eb t\u00eb mira t\u00eb bujaris\u00eb s\u00eb vreshtit ton\u00eb. Nga intensiteti i fort\u00eb i Cabernet Sauvignon-it ton\u00eb te notat delikate t\u00eb Riesling-ut ton\u00eb, joshja e qet\u00eb e Merlot-it ton\u00eb dhe karakteri unik i vendlindjes son\u00eb Shesh i Zi, \u00e7do degustim \u00ebsht\u00eb nj\u00eb fest\u00eb e p\u00ebrkushtimit t\u00eb ver\u00ebs son\u00eb ndaj p\u00ebrsosm\u00ebris\u00eb.","breadcrumb":{"@id":"https:\/\/kantinafamiljareshehi.al\/vineyard\/#breadcrumb"},"inLanguage":"sq","potentialAction":[{"@type":"ReadAction","target":["https:\/\/kantinafamiljareshehi.al\/vineyard\/"]}]},{"@type":"BreadcrumbList","@id":"https:\/\/kantinafamiljareshehi.al\/vineyard\/#breadcrumb","itemListElement":[{"@type":"ListItem","position":1,"name":"Home","item":"https:\/\/kantinafamiljareshehi.al\/"},{"@type":"ListItem","position":2,"name":"Vineyard"}]},{"@type":"WebSite","@id":"https:\/\/kantinafamiljareshehi.al\/#website","url":"https:\/\/kantinafamiljareshehi.al\/","name":"Kantina Familjare Shehi","description":"","alternateName":"Kantina Familjare Shehi","potentialAction":[{"@type":"SearchAction","target":{"@type":"EntryPoint","urlTemplate":"https:\/\/kantinafamiljareshehi.al\/?s={search_term_string}"},"query-input":"required name=search_term_string"}],"inLanguage":"sq"}]}},"_links":{"self":[{"href":"https:\/\/kantinafamiljareshehi.al\/al\/wp-json\/wp\/v2\/pages\/242","targetHints":{"allow":["GET"]}}],"collection":[{"href":"https:\/\/kantinafamiljareshehi.al\/al\/wp-json\/wp\/v2\/pages"}],"about":[{"href":"https:\/\/kantinafamiljareshehi.al\/al\/wp-json\/wp\/v2\/types\/page"}],"author":[{"embeddable":true,"href":"https:\/\/kantinafamiljareshehi.al\/al\/wp-json\/wp\/v2\/users\/1"}],"replies":[{"embeddable":true,"href":"https:\/\/kantinafamiljareshehi.al\/al\/wp-json\/wp\/v2\/comments?post=242"}],"version-history":[{"count":6,"href":"https:\/\/kantinafamiljareshehi.al\/al\/wp-json\/wp\/v2\/pages\/242\/revisions"}],"predecessor-version":[{"id":495,"href":"https:\/\/kantinafamiljareshehi.al\/al\/wp-json\/wp\/v2\/pages\/242\/revisions\/495"}],"wp:attachment":[{"href":"https:\/\/kantinafamiljareshehi.al\/al\/wp-json\/wp\/v2\/media?parent=242"}],"curies":[{"name":"wp","href":"https:\/\/api.w.org\/{rel}","templated":true}]}}