{"id":543,"date":"2024-03-19T08:16:29","date_gmt":"2024-03-19T08:16:29","guid":{"rendered":"https:\/\/kantinafamiljareshehi.al\/?page_id=543"},"modified":"2024-05-03T19:44:44","modified_gmt":"2024-05-03T19:44:44","slug":"work-with-us","status":"publish","type":"page","link":"https:\/\/kantinafamiljareshehi.al\/al\/work-with-us\/","title":{"rendered":"Work with us"},"content":{"rendered":"","protected":false},"excerpt":{"rendered":"","protected":false},"author":1,"featured_media":0,"parent":0,"menu_order":0,"comment_status":"closed","ping_status":"closed","template":"pages\/work-with-us.php","meta":{"footnotes":""},"class_list":["post-543","page","type-page","status-publish","hentry"],"yoast_head":"<!-- This site is optimized with the Yoast SEO plugin v22.1 - https:\/\/yoast.com\/wordpress\/plugins\/seo\/ -->\n<title>Work with us - Kantina Familjare Shehi<\/title>\n<meta name=\"description\" content=\"Farke e madhe, Tirane - Bashkohuni me ekipin ton\u00eb t\u00eb vreshtave dhe ndani pasionin ton\u00eb p\u00ebr b\u00ebrjen e ver\u00ebs s\u00eb jasht\u00ebzakonshme. K\u00ebrkojm\u00eb individ\u00eb t\u00eb gatsh\u00ebm t\u00eb kontribuojn\u00eb n\u00eb tradit\u00ebn dhe inovacionin ton\u00eb. N\u00ebse e dashuroni vitikultur\u00ebn dhe d\u00ebshironi t\u00eb rriteni me ne, ju mir\u00ebpresim.\" \/>\n<meta name=\"robots\" content=\"index, follow, max-snippet:-1, max-image-preview:large, max-video-preview:-1\" \/>\n<link rel=\"canonical\" href=\"https:\/\/kantinafamiljareshehi.al\/al\/work-with-us\/\" \/>\n<meta property=\"og:locale\" content=\"sq_AL\" \/>\n<meta property=\"og:type\" content=\"article\" \/>\n<meta property=\"og:title\" content=\"Work with us - Kantina Familjare Shehi\" \/>\n<meta property=\"og:description\" content=\"Farke e madhe, Tirane - Bashkohuni me ekipin ton\u00eb t\u00eb vreshtave dhe ndani pasionin ton\u00eb p\u00ebr b\u00ebrjen e ver\u00ebs s\u00eb jasht\u00ebzakonshme. K\u00ebrkojm\u00eb individ\u00eb t\u00eb gatsh\u00ebm t\u00eb kontribuojn\u00eb n\u00eb tradit\u00ebn dhe inovacionin ton\u00eb. N\u00ebse e dashuroni vitikultur\u00ebn dhe d\u00ebshironi t\u00eb rriteni me ne, ju mir\u00ebpresim.\" \/>\n<meta property=\"og:url\" content=\"https:\/\/kantinafamiljareshehi.al\/al\/work-with-us\/\" \/>\n<meta property=\"og:site_name\" content=\"Kantina Familjare Shehi\" \/>\n<meta property=\"article:publisher\" content=\"https:\/\/www.facebook.com\/p\/Kantina-FamiljareSHEHI-Farke-100064076227104\/\" \/>\n<meta property=\"article:modified_time\" content=\"2024-05-03T19:44:44+00:00\" \/>\n<meta name=\"twitter:card\" content=\"summary_large_image\" \/>\n<script type=\"application\/ld+json\" class=\"yoast-schema-graph\">{\"@context\":\"https:\/\/schema.org\",\"@graph\":[{\"@type\":\"WebPage\",\"@id\":\"https:\/\/kantinafamiljareshehi.al\/work-with-us\/\",\"url\":\"https:\/\/kantinafamiljareshehi.al\/work-with-us\/\",\"name\":\"Work with us - Kantina Familjare Shehi\",\"isPartOf\":{\"@id\":\"https:\/\/kantinafamiljareshehi.al\/#website\"},\"datePublished\":\"2024-03-19T08:16:29+00:00\",\"dateModified\":\"2024-05-03T19:44:44+00:00\",\"description\":\"Farke e madhe, Tirane - Bashkohuni me ekipin ton\u00eb t\u00eb vreshtave dhe ndani pasionin ton\u00eb p\u00ebr b\u00ebrjen e ver\u00ebs s\u00eb jasht\u00ebzakonshme. K\u00ebrkojm\u00eb individ\u00eb t\u00eb gatsh\u00ebm t\u00eb kontribuojn\u00eb n\u00eb tradit\u00ebn dhe inovacionin ton\u00eb. N\u00ebse e dashuroni vitikultur\u00ebn dhe d\u00ebshironi t\u00eb rriteni me ne, ju mir\u00ebpresim.\",\"breadcrumb\":{\"@id\":\"https:\/\/kantinafamiljareshehi.al\/work-with-us\/#breadcrumb\"},\"inLanguage\":\"sq\",\"potentialAction\":[{\"@type\":\"ReadAction\",\"target\":[\"https:\/\/kantinafamiljareshehi.al\/work-with-us\/\"]}]},{\"@type\":\"BreadcrumbList\",\"@id\":\"https:\/\/kantinafamiljareshehi.al\/work-with-us\/#breadcrumb\",\"itemListElement\":[{\"@type\":\"ListItem\",\"position\":1,\"name\":\"Home\",\"item\":\"https:\/\/kantinafamiljareshehi.al\/\"},{\"@type\":\"ListItem\",\"position\":2,\"name\":\"Work with us\"}]},{\"@type\":\"WebSite\",\"@id\":\"https:\/\/kantinafamiljareshehi.al\/#website\",\"url\":\"https:\/\/kantinafamiljareshehi.al\/\",\"name\":\"Kantina Familjare Shehi\",\"description\":\"\",\"alternateName\":\"Kantina Familjare Shehi\",\"potentialAction\":[{\"@type\":\"SearchAction\",\"target\":{\"@type\":\"EntryPoint\",\"urlTemplate\":\"https:\/\/kantinafamiljareshehi.al\/?s={search_term_string}\"},\"query-input\":\"required name=search_term_string\"}],\"inLanguage\":\"sq\"}]}<\/script>\n<!-- \/ Yoast SEO plugin. -->","yoast_head_json":{"title":"Work with us - Kantina Familjare Shehi","description":"Farke e madhe, Tirane - Bashkohuni me ekipin ton\u00eb t\u00eb vreshtave dhe ndani pasionin ton\u00eb p\u00ebr b\u00ebrjen e ver\u00ebs s\u00eb jasht\u00ebzakonshme. K\u00ebrkojm\u00eb individ\u00eb t\u00eb gatsh\u00ebm t\u00eb kontribuojn\u00eb n\u00eb tradit\u00ebn dhe inovacionin ton\u00eb. N\u00ebse e dashuroni vitikultur\u00ebn dhe d\u00ebshironi t\u00eb rriteni me ne, ju mir\u00ebpresim.","robots":{"index":"index","follow":"follow","max-snippet":"max-snippet:-1","max-image-preview":"max-image-preview:large","max-video-preview":"max-video-preview:-1"},"canonical":"https:\/\/kantinafamiljareshehi.al\/al\/work-with-us\/","og_locale":"sq_AL","og_type":"article","og_title":"Work with us - Kantina Familjare Shehi","og_description":"Farke e madhe, Tirane - Bashkohuni me ekipin ton\u00eb t\u00eb vreshtave dhe ndani pasionin ton\u00eb p\u00ebr b\u00ebrjen e ver\u00ebs s\u00eb jasht\u00ebzakonshme. K\u00ebrkojm\u00eb individ\u00eb t\u00eb gatsh\u00ebm t\u00eb kontribuojn\u00eb n\u00eb tradit\u00ebn dhe inovacionin ton\u00eb. N\u00ebse e dashuroni vitikultur\u00ebn dhe d\u00ebshironi t\u00eb rriteni me ne, ju mir\u00ebpresim.","og_url":"https:\/\/kantinafamiljareshehi.al\/al\/work-with-us\/","og_site_name":"Kantina Familjare Shehi","article_publisher":"https:\/\/www.facebook.com\/p\/Kantina-FamiljareSHEHI-Farke-100064076227104\/","article_modified_time":"2024-05-03T19:44:44+00:00","twitter_card":"summary_large_image","schema":{"@context":"https:\/\/schema.org","@graph":[{"@type":"WebPage","@id":"https:\/\/kantinafamiljareshehi.al\/work-with-us\/","url":"https:\/\/kantinafamiljareshehi.al\/work-with-us\/","name":"Work with us - Kantina Familjare Shehi","isPartOf":{"@id":"https:\/\/kantinafamiljareshehi.al\/#website"},"datePublished":"2024-03-19T08:16:29+00:00","dateModified":"2024-05-03T19:44:44+00:00","description":"Farke e madhe, Tirane - Bashkohuni me ekipin ton\u00eb t\u00eb vreshtave dhe ndani pasionin ton\u00eb p\u00ebr b\u00ebrjen e ver\u00ebs s\u00eb jasht\u00ebzakonshme. K\u00ebrkojm\u00eb individ\u00eb t\u00eb gatsh\u00ebm t\u00eb kontribuojn\u00eb n\u00eb tradit\u00ebn dhe inovacionin ton\u00eb. N\u00ebse e dashuroni vitikultur\u00ebn dhe d\u00ebshironi t\u00eb rriteni me ne, ju mir\u00ebpresim.","breadcrumb":{"@id":"https:\/\/kantinafamiljareshehi.al\/work-with-us\/#breadcrumb"},"inLanguage":"sq","potentialAction":[{"@type":"ReadAction","target":["https:\/\/kantinafamiljareshehi.al\/work-with-us\/"]}]},{"@type":"BreadcrumbList","@id":"https:\/\/kantinafamiljareshehi.al\/work-with-us\/#breadcrumb","itemListElement":[{"@type":"ListItem","position":1,"name":"Home","item":"https:\/\/kantinafamiljareshehi.al\/"},{"@type":"ListItem","position":2,"name":"Work with us"}]},{"@type":"WebSite","@id":"https:\/\/kantinafamiljareshehi.al\/#website","url":"https:\/\/kantinafamiljareshehi.al\/","name":"Kantina Familjare Shehi","description":"","alternateName":"Kantina Familjare Shehi","potentialAction":[{"@type":"SearchAction","target":{"@type":"EntryPoint","urlTemplate":"https:\/\/kantinafamiljareshehi.al\/?s={search_term_string}"},"query-input":"required name=search_term_string"}],"inLanguage":"sq"}]}},"_links":{"self":[{"href":"https:\/\/kantinafamiljareshehi.al\/al\/wp-json\/wp\/v2\/pages\/543","targetHints":{"allow":["GET"]}}],"collection":[{"href":"https:\/\/kantinafamiljareshehi.al\/al\/wp-json\/wp\/v2\/pages"}],"about":[{"href":"https:\/\/kantinafamiljareshehi.al\/al\/wp-json\/wp\/v2\/types\/page"}],"author":[{"embeddable":true,"href":"https:\/\/kantinafamiljareshehi.al\/al\/wp-json\/wp\/v2\/users\/1"}],"replies":[{"embeddable":true,"href":"https:\/\/kantinafamiljareshehi.al\/al\/wp-json\/wp\/v2\/comments?post=543"}],"version-history":[{"count":6,"href":"https:\/\/kantinafamiljareshehi.al\/al\/wp-json\/wp\/v2\/pages\/543\/revisions"}],"predecessor-version":[{"id":628,"href":"https:\/\/kantinafamiljareshehi.al\/al\/wp-json\/wp\/v2\/pages\/543\/revisions\/628"}],"wp:attachment":[{"href":"https:\/\/kantinafamiljareshehi.al\/al\/wp-json\/wp\/v2\/media?parent=543"}],"curies":[{"name":"wp","href":"https:\/\/api.w.org\/{rel}","templated":true}]}}