{"id":6,"date":"2024-01-05T10:18:15","date_gmt":"2024-01-05T10:18:15","guid":{"rendered":"http:\/\/localhost\/kantinafamiljare\/?page_id=6"},"modified":"2024-12-19T13:48:24","modified_gmt":"2024-12-19T13:48:24","slug":"home","status":"publish","type":"page","link":"https:\/\/kantinafamiljareshehi.al\/al\/","title":{"rendered":"Home"},"content":{"rendered":"","protected":false},"excerpt":{"rendered":"","protected":false},"author":1,"featured_media":0,"parent":0,"menu_order":0,"comment_status":"closed","ping_status":"closed","template":"pages\/home.php","meta":{"footnotes":""},"class_list":["post-6","page","type-page","status-publish","hentry"],"yoast_head":"<!-- This site is optimized with the Yoast SEO plugin v22.1 - https:\/\/yoast.com\/wordpress\/plugins\/seo\/ -->\n<title>Home -<\/title>\n<meta name=\"description\" content=\"Home - Ver\u00eb Cil\u00ebsore Nga Rrushi i Kultivuar n\u00eb M\u00ebnyr\u00eb Organike Nj\u00eb p\u00ebrvoj\u00eb p\u00ebr t&#039;u mbajtur mend - Fark\u00eb e madhe, Tiran\u00eb\" \/>\n<meta name=\"robots\" content=\"index, follow, max-snippet:-1, max-image-preview:large, max-video-preview:-1\" \/>\n<link rel=\"canonical\" href=\"https:\/\/kantinafamiljareshehi.al\/al\/\" \/>\n<meta property=\"og:locale\" content=\"sq_AL\" \/>\n<meta property=\"og:type\" content=\"article\" \/>\n<meta property=\"og:title\" content=\"Home -\" \/>\n<meta property=\"og:description\" content=\"Home - Ver\u00eb Cil\u00ebsore Nga Rrushi i Kultivuar n\u00eb M\u00ebnyr\u00eb Organike Nj\u00eb p\u00ebrvoj\u00eb p\u00ebr t&#039;u mbajtur mend - Fark\u00eb e madhe, Tiran\u00eb\" \/>\n<meta property=\"og:url\" content=\"https:\/\/kantinafamiljareshehi.al\/al\/\" \/>\n<meta property=\"og:site_name\" content=\"Kantina Familjare Shehi\" \/>\n<meta property=\"article:publisher\" content=\"https:\/\/www.facebook.com\/p\/Kantina-FamiljareSHEHI-Farke-100064076227104\/\" \/>\n<meta property=\"article:modified_time\" content=\"2024-12-19T13:48:24+00:00\" \/>\n<meta name=\"twitter:card\" content=\"summary_large_image\" \/>\n<script type=\"application\/ld+json\" class=\"yoast-schema-graph\">{\"@context\":\"https:\/\/schema.org\",\"@graph\":[{\"@type\":\"WebPage\",\"@id\":\"https:\/\/kantinafamiljareshehi.al\/\",\"url\":\"https:\/\/kantinafamiljareshehi.al\/\",\"name\":\"Home -\",\"isPartOf\":{\"@id\":\"https:\/\/kantinafamiljareshehi.al\/#website\"},\"datePublished\":\"2024-01-05T10:18:15+00:00\",\"dateModified\":\"2024-12-19T13:48:24+00:00\",\"description\":\"Home - Ver\u00eb Cil\u00ebsore Nga Rrushi i Kultivuar n\u00eb M\u00ebnyr\u00eb Organike Nj\u00eb p\u00ebrvoj\u00eb p\u00ebr t'u mbajtur mend - Fark\u00eb e madhe, Tiran\u00eb\",\"breadcrumb\":{\"@id\":\"https:\/\/kantinafamiljareshehi.al\/#breadcrumb\"},\"inLanguage\":\"sq\",\"potentialAction\":[{\"@type\":\"ReadAction\",\"target\":[\"https:\/\/kantinafamiljareshehi.al\/\"]}]},{\"@type\":\"BreadcrumbList\",\"@id\":\"https:\/\/kantinafamiljareshehi.al\/#breadcrumb\",\"itemListElement\":[{\"@type\":\"ListItem\",\"position\":1,\"name\":\"Home\",\"item\":\"https:\/\/kantinafamiljareshehi.al\/\"},{\"@type\":\"ListItem\",\"position\":2,\"name\":\"Home\"}]},{\"@type\":\"WebSite\",\"@id\":\"https:\/\/kantinafamiljareshehi.al\/#website\",\"url\":\"https:\/\/kantinafamiljareshehi.al\/\",\"name\":\"Kantina Familjare Shehi\",\"description\":\"\",\"alternateName\":\"Kantina Familjare Shehi\",\"potentialAction\":[{\"@type\":\"SearchAction\",\"target\":{\"@type\":\"EntryPoint\",\"urlTemplate\":\"https:\/\/kantinafamiljareshehi.al\/?s={search_term_string}\"},\"query-input\":\"required name=search_term_string\"}],\"inLanguage\":\"sq\"}]}<\/script>\n<!-- \/ Yoast SEO plugin. -->","yoast_head_json":{"title":"Home -","description":"Home - Ver\u00eb Cil\u00ebsore Nga Rrushi i Kultivuar n\u00eb M\u00ebnyr\u00eb Organike Nj\u00eb p\u00ebrvoj\u00eb p\u00ebr t'u mbajtur mend - Fark\u00eb e madhe, Tiran\u00eb","robots":{"index":"index","follow":"follow","max-snippet":"max-snippet:-1","max-image-preview":"max-image-preview:large","max-video-preview":"max-video-preview:-1"},"canonical":"https:\/\/kantinafamiljareshehi.al\/al\/","og_locale":"sq_AL","og_type":"article","og_title":"Home -","og_description":"Home - Ver\u00eb Cil\u00ebsore Nga Rrushi i Kultivuar n\u00eb M\u00ebnyr\u00eb Organike Nj\u00eb p\u00ebrvoj\u00eb p\u00ebr t'u mbajtur mend - Fark\u00eb e madhe, Tiran\u00eb","og_url":"https:\/\/kantinafamiljareshehi.al\/al\/","og_site_name":"Kantina Familjare Shehi","article_publisher":"https:\/\/www.facebook.com\/p\/Kantina-FamiljareSHEHI-Farke-100064076227104\/","article_modified_time":"2024-12-19T13:48:24+00:00","twitter_card":"summary_large_image","schema":{"@context":"https:\/\/schema.org","@graph":[{"@type":"WebPage","@id":"https:\/\/kantinafamiljareshehi.al\/","url":"https:\/\/kantinafamiljareshehi.al\/","name":"Home -","isPartOf":{"@id":"https:\/\/kantinafamiljareshehi.al\/#website"},"datePublished":"2024-01-05T10:18:15+00:00","dateModified":"2024-12-19T13:48:24+00:00","description":"Home - Ver\u00eb Cil\u00ebsore Nga Rrushi i Kultivuar n\u00eb M\u00ebnyr\u00eb Organike Nj\u00eb p\u00ebrvoj\u00eb p\u00ebr t'u mbajtur mend - Fark\u00eb e madhe, Tiran\u00eb","breadcrumb":{"@id":"https:\/\/kantinafamiljareshehi.al\/#breadcrumb"},"inLanguage":"sq","potentialAction":[{"@type":"ReadAction","target":["https:\/\/kantinafamiljareshehi.al\/"]}]},{"@type":"BreadcrumbList","@id":"https:\/\/kantinafamiljareshehi.al\/#breadcrumb","itemListElement":[{"@type":"ListItem","position":1,"name":"Home","item":"https:\/\/kantinafamiljareshehi.al\/"},{"@type":"ListItem","position":2,"name":"Home"}]},{"@type":"WebSite","@id":"https:\/\/kantinafamiljareshehi.al\/#website","url":"https:\/\/kantinafamiljareshehi.al\/","name":"Kantina Familjare Shehi","description":"","alternateName":"Kantina Familjare Shehi","potentialAction":[{"@type":"SearchAction","target":{"@type":"EntryPoint","urlTemplate":"https:\/\/kantinafamiljareshehi.al\/?s={search_term_string}"},"query-input":"required name=search_term_string"}],"inLanguage":"sq"}]}},"_links":{"self":[{"href":"https:\/\/kantinafamiljareshehi.al\/al\/wp-json\/wp\/v2\/pages\/6","targetHints":{"allow":["GET"]}}],"collection":[{"href":"https:\/\/kantinafamiljareshehi.al\/al\/wp-json\/wp\/v2\/pages"}],"about":[{"href":"https:\/\/kantinafamiljareshehi.al\/al\/wp-json\/wp\/v2\/types\/page"}],"author":[{"embeddable":true,"href":"https:\/\/kantinafamiljareshehi.al\/al\/wp-json\/wp\/v2\/users\/1"}],"replies":[{"embeddable":true,"href":"https:\/\/kantinafamiljareshehi.al\/al\/wp-json\/wp\/v2\/comments?post=6"}],"version-history":[{"count":21,"href":"https:\/\/kantinafamiljareshehi.al\/al\/wp-json\/wp\/v2\/pages\/6\/revisions"}],"predecessor-version":[{"id":693,"href":"https:\/\/kantinafamiljareshehi.al\/al\/wp-json\/wp\/v2\/pages\/6\/revisions\/693"}],"wp:attachment":[{"href":"https:\/\/kantinafamiljareshehi.al\/al\/wp-json\/wp\/v2\/media?parent=6"}],"curies":[{"name":"wp","href":"https:\/\/api.w.org\/{rel}","templated":true}]}}