{"id":132,"date":"2024-01-24T19:29:46","date_gmt":"2024-01-24T19:29:46","guid":{"rendered":"http:\/\/localhost\/kantinafamiljare\/?page_id=132"},"modified":"2024-12-19T13:48:47","modified_gmt":"2024-12-19T13:48:47","slug":"about-us","status":"publish","type":"page","link":"https:\/\/kantinafamiljareshehi.al\/en\/about-us\/","title":{"rendered":"About us"},"content":{"rendered":"","protected":false},"excerpt":{"rendered":"","protected":false},"author":1,"featured_media":0,"parent":0,"menu_order":0,"comment_status":"closed","ping_status":"closed","template":"pages\/about-us.php","meta":{"footnotes":""},"class_list":["post-132","page","type-page","status-publish","hentry"],"yoast_head":"<!-- This site is optimized with the Yoast SEO plugin v22.1 - https:\/\/yoast.com\/wordpress\/plugins\/seo\/ -->\n<title>About us - Kantina Familjare Shehi<\/title>\n<meta name=\"description\" content=\"About us - Rreth Nesh - Gjith\u00e7ka fillon n\u00eb vreshta 5 v\u00ebllez\u00ebr dhe familjet e tyre zgjodh\u00ebn t\u00eb ri-mbillnim rr\u00ebnj\u00ebt tona n\u00eb vitin 1998 dhe t\u00eb kultivonin 1 hektar vresht\u00eb dhe 2 hektar\u00eb ferm\u00eb ulliri. Vit pas viti ne zgjeruam vreshtin ton\u00eb duke mbjell\u00eb variete te rrushit si Cabernet Sauvignon, Merlot, Riesling, Sangiovese dhe varietetet shqiptare t\u00eb rrushit Shesh I ZI . Tani kemi 3 ha hardhi dhe 2 ha fruta t\u00eb ndryshme si moll\u00eb, sheg\u00eb kumbulla etj. Ne vazhdojm\u00eb zgjerimin e fermes son\u00eb me krenari.  P\u00ebrmbajtja e tok\u00ebs \u00ebsht\u00eb shk\u00ebmbore, dhe n\u00ebna natyr\u00eb b\u00ebn ujitjen dhe ajrimin e saj. Ne kujdesemi t\u00eb praktikojm\u00eb metoda t\u00eb q\u00ebndrueshme bujq\u00ebsore p\u00ebr t\u00eb siguruar q\u00eb toka te jet\u00eb e pasur nga pik\u00ebpamja mjedisore dhe me rendiment p\u00ebr brezat q\u00eb do t\u00eb vijn\u00eb.\" \/>\n<meta name=\"robots\" content=\"index, follow, max-snippet:-1, max-image-preview:large, max-video-preview:-1\" \/>\n<link rel=\"canonical\" href=\"https:\/\/kantinafamiljareshehi.al\/en\/about-us\/\" \/>\n<meta property=\"og:locale\" content=\"en_US\" \/>\n<meta property=\"og:type\" content=\"article\" \/>\n<meta property=\"og:title\" content=\"About us - Kantina Familjare Shehi\" \/>\n<meta property=\"og:description\" content=\"About us - Rreth Nesh - Gjith\u00e7ka fillon n\u00eb vreshta 5 v\u00ebllez\u00ebr dhe familjet e tyre zgjodh\u00ebn t\u00eb ri-mbillnim rr\u00ebnj\u00ebt tona n\u00eb vitin 1998 dhe t\u00eb kultivonin 1 hektar vresht\u00eb dhe 2 hektar\u00eb ferm\u00eb ulliri. Vit pas viti ne zgjeruam vreshtin ton\u00eb duke mbjell\u00eb variete te rrushit si Cabernet Sauvignon, Merlot, Riesling, Sangiovese dhe varietetet shqiptare t\u00eb rrushit Shesh I ZI . Tani kemi 3 ha hardhi dhe 2 ha fruta t\u00eb ndryshme si moll\u00eb, sheg\u00eb kumbulla etj. Ne vazhdojm\u00eb zgjerimin e fermes son\u00eb me krenari.  P\u00ebrmbajtja e tok\u00ebs \u00ebsht\u00eb shk\u00ebmbore, dhe n\u00ebna natyr\u00eb b\u00ebn ujitjen dhe ajrimin e saj. Ne kujdesemi t\u00eb praktikojm\u00eb metoda t\u00eb q\u00ebndrueshme bujq\u00ebsore p\u00ebr t\u00eb siguruar q\u00eb toka te jet\u00eb e pasur nga pik\u00ebpamja mjedisore dhe me rendiment p\u00ebr brezat q\u00eb do t\u00eb vijn\u00eb.\" \/>\n<meta property=\"og:url\" content=\"https:\/\/kantinafamiljareshehi.al\/en\/about-us\/\" \/>\n<meta property=\"og:site_name\" content=\"Kantina Familjare Shehi\" \/>\n<meta property=\"article:publisher\" content=\"https:\/\/www.facebook.com\/p\/Kantina-FamiljareSHEHI-Farke-100064076227104\/\" \/>\n<meta property=\"article:modified_time\" content=\"2024-12-19T13:48:47+00:00\" \/>\n<meta name=\"twitter:card\" content=\"summary_large_image\" \/>\n<script type=\"application\/ld+json\" class=\"yoast-schema-graph\">{\"@context\":\"https:\/\/schema.org\",\"@graph\":[{\"@type\":\"WebPage\",\"@id\":\"https:\/\/kantinafamiljareshehi.al\/about-us\/\",\"url\":\"https:\/\/kantinafamiljareshehi.al\/about-us\/\",\"name\":\"About us - Kantina Familjare Shehi\",\"isPartOf\":{\"@id\":\"https:\/\/kantinafamiljareshehi.al\/#website\"},\"datePublished\":\"2024-01-24T19:29:46+00:00\",\"dateModified\":\"2024-12-19T13:48:47+00:00\",\"description\":\"About us - Rreth Nesh - Gjith\u00e7ka fillon n\u00eb vreshta 5 v\u00ebllez\u00ebr dhe familjet e tyre zgjodh\u00ebn t\u00eb ri-mbillnim rr\u00ebnj\u00ebt tona n\u00eb vitin 1998 dhe t\u00eb kultivonin 1 hektar vresht\u00eb dhe 2 hektar\u00eb ferm\u00eb ulliri. Vit pas viti ne zgjeruam vreshtin ton\u00eb duke mbjell\u00eb variete te rrushit si Cabernet Sauvignon, Merlot, Riesling, Sangiovese dhe varietetet shqiptare t\u00eb rrushit Shesh I ZI . Tani kemi 3 ha hardhi dhe 2 ha fruta t\u00eb ndryshme si moll\u00eb, sheg\u00eb kumbulla etj. Ne vazhdojm\u00eb zgjerimin e fermes son\u00eb me krenari. P\u00ebrmbajtja e tok\u00ebs \u00ebsht\u00eb shk\u00ebmbore, dhe n\u00ebna natyr\u00eb b\u00ebn ujitjen dhe ajrimin e saj. Ne kujdesemi t\u00eb praktikojm\u00eb metoda t\u00eb q\u00ebndrueshme bujq\u00ebsore p\u00ebr t\u00eb siguruar q\u00eb toka te jet\u00eb e pasur nga pik\u00ebpamja mjedisore dhe me rendiment p\u00ebr brezat q\u00eb do t\u00eb vijn\u00eb.\",\"breadcrumb\":{\"@id\":\"https:\/\/kantinafamiljareshehi.al\/about-us\/#breadcrumb\"},\"inLanguage\":\"en-US\",\"potentialAction\":[{\"@type\":\"ReadAction\",\"target\":[\"https:\/\/kantinafamiljareshehi.al\/about-us\/\"]}]},{\"@type\":\"BreadcrumbList\",\"@id\":\"https:\/\/kantinafamiljareshehi.al\/about-us\/#breadcrumb\",\"itemListElement\":[{\"@type\":\"ListItem\",\"position\":1,\"name\":\"Home\",\"item\":\"https:\/\/kantinafamiljareshehi.al\/\"},{\"@type\":\"ListItem\",\"position\":2,\"name\":\"About us\"}]},{\"@type\":\"WebSite\",\"@id\":\"https:\/\/kantinafamiljareshehi.al\/#website\",\"url\":\"https:\/\/kantinafamiljareshehi.al\/\",\"name\":\"Kantina Familjare Shehi\",\"description\":\"\",\"alternateName\":\"Kantina Familjare Shehi\",\"potentialAction\":[{\"@type\":\"SearchAction\",\"target\":{\"@type\":\"EntryPoint\",\"urlTemplate\":\"https:\/\/kantinafamiljareshehi.al\/?s={search_term_string}\"},\"query-input\":\"required name=search_term_string\"}],\"inLanguage\":\"en-US\"}]}<\/script>\n<!-- \/ Yoast SEO plugin. -->","yoast_head_json":{"title":"About us - Kantina Familjare Shehi","description":"About us - Rreth Nesh - Gjith\u00e7ka fillon n\u00eb vreshta 5 v\u00ebllez\u00ebr dhe familjet e tyre zgjodh\u00ebn t\u00eb ri-mbillnim rr\u00ebnj\u00ebt tona n\u00eb vitin 1998 dhe t\u00eb kultivonin 1 hektar vresht\u00eb dhe 2 hektar\u00eb ferm\u00eb ulliri. Vit pas viti ne zgjeruam vreshtin ton\u00eb duke mbjell\u00eb variete te rrushit si Cabernet Sauvignon, Merlot, Riesling, Sangiovese dhe varietetet shqiptare t\u00eb rrushit Shesh I ZI . Tani kemi 3 ha hardhi dhe 2 ha fruta t\u00eb ndryshme si moll\u00eb, sheg\u00eb kumbulla etj. Ne vazhdojm\u00eb zgjerimin e fermes son\u00eb me krenari.  P\u00ebrmbajtja e tok\u00ebs \u00ebsht\u00eb shk\u00ebmbore, dhe n\u00ebna natyr\u00eb b\u00ebn ujitjen dhe ajrimin e saj. Ne kujdesemi t\u00eb praktikojm\u00eb metoda t\u00eb q\u00ebndrueshme bujq\u00ebsore p\u00ebr t\u00eb siguruar q\u00eb toka te jet\u00eb e pasur nga pik\u00ebpamja mjedisore dhe me rendiment p\u00ebr brezat q\u00eb do t\u00eb vijn\u00eb.","robots":{"index":"index","follow":"follow","max-snippet":"max-snippet:-1","max-image-preview":"max-image-preview:large","max-video-preview":"max-video-preview:-1"},"canonical":"https:\/\/kantinafamiljareshehi.al\/en\/about-us\/","og_locale":"en_US","og_type":"article","og_title":"About us - Kantina Familjare Shehi","og_description":"About us - Rreth Nesh - Gjith\u00e7ka fillon n\u00eb vreshta 5 v\u00ebllez\u00ebr dhe familjet e tyre zgjodh\u00ebn t\u00eb ri-mbillnim rr\u00ebnj\u00ebt tona n\u00eb vitin 1998 dhe t\u00eb kultivonin 1 hektar vresht\u00eb dhe 2 hektar\u00eb ferm\u00eb ulliri. Vit pas viti ne zgjeruam vreshtin ton\u00eb duke mbjell\u00eb variete te rrushit si Cabernet Sauvignon, Merlot, Riesling, Sangiovese dhe varietetet shqiptare t\u00eb rrushit Shesh I ZI . Tani kemi 3 ha hardhi dhe 2 ha fruta t\u00eb ndryshme si moll\u00eb, sheg\u00eb kumbulla etj. Ne vazhdojm\u00eb zgjerimin e fermes son\u00eb me krenari.  P\u00ebrmbajtja e tok\u00ebs \u00ebsht\u00eb shk\u00ebmbore, dhe n\u00ebna natyr\u00eb b\u00ebn ujitjen dhe ajrimin e saj. Ne kujdesemi t\u00eb praktikojm\u00eb metoda t\u00eb q\u00ebndrueshme bujq\u00ebsore p\u00ebr t\u00eb siguruar q\u00eb toka te jet\u00eb e pasur nga pik\u00ebpamja mjedisore dhe me rendiment p\u00ebr brezat q\u00eb do t\u00eb vijn\u00eb.","og_url":"https:\/\/kantinafamiljareshehi.al\/en\/about-us\/","og_site_name":"Kantina Familjare Shehi","article_publisher":"https:\/\/www.facebook.com\/p\/Kantina-FamiljareSHEHI-Farke-100064076227104\/","article_modified_time":"2024-12-19T13:48:47+00:00","twitter_card":"summary_large_image","schema":{"@context":"https:\/\/schema.org","@graph":[{"@type":"WebPage","@id":"https:\/\/kantinafamiljareshehi.al\/about-us\/","url":"https:\/\/kantinafamiljareshehi.al\/about-us\/","name":"About us - Kantina Familjare Shehi","isPartOf":{"@id":"https:\/\/kantinafamiljareshehi.al\/#website"},"datePublished":"2024-01-24T19:29:46+00:00","dateModified":"2024-12-19T13:48:47+00:00","description":"About us - Rreth Nesh - Gjith\u00e7ka fillon n\u00eb vreshta 5 v\u00ebllez\u00ebr dhe familjet e tyre zgjodh\u00ebn t\u00eb ri-mbillnim rr\u00ebnj\u00ebt tona n\u00eb vitin 1998 dhe t\u00eb kultivonin 1 hektar vresht\u00eb dhe 2 hektar\u00eb ferm\u00eb ulliri. Vit pas viti ne zgjeruam vreshtin ton\u00eb duke mbjell\u00eb variete te rrushit si Cabernet Sauvignon, Merlot, Riesling, Sangiovese dhe varietetet shqiptare t\u00eb rrushit Shesh I ZI . Tani kemi 3 ha hardhi dhe 2 ha fruta t\u00eb ndryshme si moll\u00eb, sheg\u00eb kumbulla etj. Ne vazhdojm\u00eb zgjerimin e fermes son\u00eb me krenari. P\u00ebrmbajtja e tok\u00ebs \u00ebsht\u00eb shk\u00ebmbore, dhe n\u00ebna natyr\u00eb b\u00ebn ujitjen dhe ajrimin e saj. Ne kujdesemi t\u00eb praktikojm\u00eb metoda t\u00eb q\u00ebndrueshme bujq\u00ebsore p\u00ebr t\u00eb siguruar q\u00eb toka te jet\u00eb e pasur nga pik\u00ebpamja mjedisore dhe me rendiment p\u00ebr brezat q\u00eb do t\u00eb vijn\u00eb.","breadcrumb":{"@id":"https:\/\/kantinafamiljareshehi.al\/about-us\/#breadcrumb"},"inLanguage":"en-US","potentialAction":[{"@type":"ReadAction","target":["https:\/\/kantinafamiljareshehi.al\/about-us\/"]}]},{"@type":"BreadcrumbList","@id":"https:\/\/kantinafamiljareshehi.al\/about-us\/#breadcrumb","itemListElement":[{"@type":"ListItem","position":1,"name":"Home","item":"https:\/\/kantinafamiljareshehi.al\/"},{"@type":"ListItem","position":2,"name":"About us"}]},{"@type":"WebSite","@id":"https:\/\/kantinafamiljareshehi.al\/#website","url":"https:\/\/kantinafamiljareshehi.al\/","name":"Kantina Familjare Shehi","description":"","alternateName":"Kantina Familjare Shehi","potentialAction":[{"@type":"SearchAction","target":{"@type":"EntryPoint","urlTemplate":"https:\/\/kantinafamiljareshehi.al\/?s={search_term_string}"},"query-input":"required name=search_term_string"}],"inLanguage":"en-US"}]}},"_links":{"self":[{"href":"https:\/\/kantinafamiljareshehi.al\/en\/wp-json\/wp\/v2\/pages\/132","targetHints":{"allow":["GET"]}}],"collection":[{"href":"https:\/\/kantinafamiljareshehi.al\/en\/wp-json\/wp\/v2\/pages"}],"about":[{"href":"https:\/\/kantinafamiljareshehi.al\/en\/wp-json\/wp\/v2\/types\/page"}],"author":[{"embeddable":true,"href":"https:\/\/kantinafamiljareshehi.al\/en\/wp-json\/wp\/v2\/users\/1"}],"replies":[{"embeddable":true,"href":"https:\/\/kantinafamiljareshehi.al\/en\/wp-json\/wp\/v2\/comments?post=132"}],"version-history":[{"count":12,"href":"https:\/\/kantinafamiljareshehi.al\/en\/wp-json\/wp\/v2\/pages\/132\/revisions"}],"predecessor-version":[{"id":694,"href":"https:\/\/kantinafamiljareshehi.al\/en\/wp-json\/wp\/v2\/pages\/132\/revisions\/694"}],"wp:attachment":[{"href":"https:\/\/kantinafamiljareshehi.al\/en\/wp-json\/wp\/v2\/media?parent=132"}],"curies":[{"name":"wp","href":"https:\/\/api.w.org\/{rel}","templated":true}]}}