{"id":166,"date":"2024-01-24T21:47:07","date_gmt":"2024-01-24T21:47:07","guid":{"rendered":"http:\/\/localhost\/kantinafamiljare\/?page_id=166"},"modified":"2024-04-05T07:44:11","modified_gmt":"2024-04-05T07:44:11","slug":"wines","status":"publish","type":"page","link":"https:\/\/kantinafamiljareshehi.al\/en\/wines\/","title":{"rendered":"Wines"},"content":{"rendered":"","protected":false},"excerpt":{"rendered":"","protected":false},"author":1,"featured_media":0,"parent":0,"menu_order":0,"comment_status":"closed","ping_status":"closed","template":"pages\/wines.php","meta":{"footnotes":""},"class_list":["post-166","page","type-page","status-publish","hentry"],"yoast_head":"<!-- This site is optimized with the Yoast SEO plugin v22.1 - https:\/\/yoast.com\/wordpress\/plugins\/seo\/ -->\n<title>Wines - Kantina Familjare Shehi<\/title>\n<meta name=\"description\" content=\"VER\u00cbRAT - Le t\u00eb shijojm\u00eb p\u00ebrsosm\u00ebrin\u00eb - Ferma kultivon varitete autoktone rrushi si Shesh dhe variete t\u00eb p\u00ebrmir\u00ebsuara si Kab\u00ebrnet, Merlot, Riesling, Sangiovese, Chardonay. I gjith\u00eb procesi i p\u00ebrpunimit t\u00eb ver\u00ebs b\u00ebhet n\u00eb form\u00ebn e nj\u00eb cikli tv mbyllur duke p\u00ebrdorur standarte t\u00eb larta higjene dhe cil\u00ebsie n\u00eb prodhim. Produktet tona jan\u00eb: ver\u00eb e kuqe (Kab\u00ebrnet, Merlot,Shesh) ver\u00eb e bardh\u00eb (Riesling dhe Chardonay).\" \/>\n<meta name=\"robots\" content=\"index, follow, max-snippet:-1, max-image-preview:large, max-video-preview:-1\" \/>\n<link rel=\"canonical\" href=\"https:\/\/kantinafamiljareshehi.al\/en\/wines\/\" \/>\n<meta property=\"og:locale\" content=\"en_US\" \/>\n<meta property=\"og:type\" content=\"article\" \/>\n<meta property=\"og:title\" content=\"Wines - Kantina Familjare Shehi\" \/>\n<meta property=\"og:description\" content=\"VER\u00cbRAT - Le t\u00eb shijojm\u00eb p\u00ebrsosm\u00ebrin\u00eb - Ferma kultivon varitete autoktone rrushi si Shesh dhe variete t\u00eb p\u00ebrmir\u00ebsuara si Kab\u00ebrnet, Merlot, Riesling, Sangiovese, Chardonay. I gjith\u00eb procesi i p\u00ebrpunimit t\u00eb ver\u00ebs b\u00ebhet n\u00eb form\u00ebn e nj\u00eb cikli tv mbyllur duke p\u00ebrdorur standarte t\u00eb larta higjene dhe cil\u00ebsie n\u00eb prodhim. Produktet tona jan\u00eb: ver\u00eb e kuqe (Kab\u00ebrnet, Merlot,Shesh) ver\u00eb e bardh\u00eb (Riesling dhe Chardonay).\" \/>\n<meta property=\"og:url\" content=\"https:\/\/kantinafamiljareshehi.al\/en\/wines\/\" \/>\n<meta property=\"og:site_name\" content=\"Kantina Familjare Shehi\" \/>\n<meta property=\"article:publisher\" content=\"https:\/\/www.facebook.com\/p\/Kantina-FamiljareSHEHI-Farke-100064076227104\/\" \/>\n<meta property=\"article:modified_time\" content=\"2024-04-05T07:44:11+00:00\" \/>\n<meta name=\"twitter:card\" content=\"summary_large_image\" \/>\n<script type=\"application\/ld+json\" class=\"yoast-schema-graph\">{\"@context\":\"https:\/\/schema.org\",\"@graph\":[{\"@type\":\"WebPage\",\"@id\":\"https:\/\/kantinafamiljareshehi.al\/wines\/\",\"url\":\"https:\/\/kantinafamiljareshehi.al\/wines\/\",\"name\":\"Wines - Kantina Familjare Shehi\",\"isPartOf\":{\"@id\":\"https:\/\/kantinafamiljareshehi.al\/#website\"},\"datePublished\":\"2024-01-24T21:47:07+00:00\",\"dateModified\":\"2024-04-05T07:44:11+00:00\",\"description\":\"VER\u00cbRAT - Le t\u00eb shijojm\u00eb p\u00ebrsosm\u00ebrin\u00eb - Ferma kultivon varitete autoktone rrushi si Shesh dhe variete t\u00eb p\u00ebrmir\u00ebsuara si Kab\u00ebrnet, Merlot, Riesling, Sangiovese, Chardonay. I gjith\u00eb procesi i p\u00ebrpunimit t\u00eb ver\u00ebs b\u00ebhet n\u00eb form\u00ebn e nj\u00eb cikli tv mbyllur duke p\u00ebrdorur standarte t\u00eb larta higjene dhe cil\u00ebsie n\u00eb prodhim. Produktet tona jan\u00eb: ver\u00eb e kuqe (Kab\u00ebrnet, Merlot,Shesh) ver\u00eb e bardh\u00eb (Riesling dhe Chardonay).\",\"breadcrumb\":{\"@id\":\"https:\/\/kantinafamiljareshehi.al\/wines\/#breadcrumb\"},\"inLanguage\":\"en-US\",\"potentialAction\":[{\"@type\":\"ReadAction\",\"target\":[\"https:\/\/kantinafamiljareshehi.al\/wines\/\"]}]},{\"@type\":\"BreadcrumbList\",\"@id\":\"https:\/\/kantinafamiljareshehi.al\/wines\/#breadcrumb\",\"itemListElement\":[{\"@type\":\"ListItem\",\"position\":1,\"name\":\"Home\",\"item\":\"https:\/\/kantinafamiljareshehi.al\/\"},{\"@type\":\"ListItem\",\"position\":2,\"name\":\"Wines\"}]},{\"@type\":\"WebSite\",\"@id\":\"https:\/\/kantinafamiljareshehi.al\/#website\",\"url\":\"https:\/\/kantinafamiljareshehi.al\/\",\"name\":\"Kantina Familjare Shehi\",\"description\":\"\",\"alternateName\":\"Kantina Familjare Shehi\",\"potentialAction\":[{\"@type\":\"SearchAction\",\"target\":{\"@type\":\"EntryPoint\",\"urlTemplate\":\"https:\/\/kantinafamiljareshehi.al\/?s={search_term_string}\"},\"query-input\":\"required name=search_term_string\"}],\"inLanguage\":\"en-US\"}]}<\/script>\n<!-- \/ Yoast SEO plugin. -->","yoast_head_json":{"title":"Wines - Kantina Familjare Shehi","description":"VER\u00cbRAT - Le t\u00eb shijojm\u00eb p\u00ebrsosm\u00ebrin\u00eb - Ferma kultivon varitete autoktone rrushi si Shesh dhe variete t\u00eb p\u00ebrmir\u00ebsuara si Kab\u00ebrnet, Merlot, Riesling, Sangiovese, Chardonay. I gjith\u00eb procesi i p\u00ebrpunimit t\u00eb ver\u00ebs b\u00ebhet n\u00eb form\u00ebn e nj\u00eb cikli tv mbyllur duke p\u00ebrdorur standarte t\u00eb larta higjene dhe cil\u00ebsie n\u00eb prodhim. Produktet tona jan\u00eb: ver\u00eb e kuqe (Kab\u00ebrnet, Merlot,Shesh) ver\u00eb e bardh\u00eb (Riesling dhe Chardonay).","robots":{"index":"index","follow":"follow","max-snippet":"max-snippet:-1","max-image-preview":"max-image-preview:large","max-video-preview":"max-video-preview:-1"},"canonical":"https:\/\/kantinafamiljareshehi.al\/en\/wines\/","og_locale":"en_US","og_type":"article","og_title":"Wines - Kantina Familjare Shehi","og_description":"VER\u00cbRAT - Le t\u00eb shijojm\u00eb p\u00ebrsosm\u00ebrin\u00eb - Ferma kultivon varitete autoktone rrushi si Shesh dhe variete t\u00eb p\u00ebrmir\u00ebsuara si Kab\u00ebrnet, Merlot, Riesling, Sangiovese, Chardonay. I gjith\u00eb procesi i p\u00ebrpunimit t\u00eb ver\u00ebs b\u00ebhet n\u00eb form\u00ebn e nj\u00eb cikli tv mbyllur duke p\u00ebrdorur standarte t\u00eb larta higjene dhe cil\u00ebsie n\u00eb prodhim. Produktet tona jan\u00eb: ver\u00eb e kuqe (Kab\u00ebrnet, Merlot,Shesh) ver\u00eb e bardh\u00eb (Riesling dhe Chardonay).","og_url":"https:\/\/kantinafamiljareshehi.al\/en\/wines\/","og_site_name":"Kantina Familjare Shehi","article_publisher":"https:\/\/www.facebook.com\/p\/Kantina-FamiljareSHEHI-Farke-100064076227104\/","article_modified_time":"2024-04-05T07:44:11+00:00","twitter_card":"summary_large_image","schema":{"@context":"https:\/\/schema.org","@graph":[{"@type":"WebPage","@id":"https:\/\/kantinafamiljareshehi.al\/wines\/","url":"https:\/\/kantinafamiljareshehi.al\/wines\/","name":"Wines - Kantina Familjare Shehi","isPartOf":{"@id":"https:\/\/kantinafamiljareshehi.al\/#website"},"datePublished":"2024-01-24T21:47:07+00:00","dateModified":"2024-04-05T07:44:11+00:00","description":"VER\u00cbRAT - Le t\u00eb shijojm\u00eb p\u00ebrsosm\u00ebrin\u00eb - Ferma kultivon varitete autoktone rrushi si Shesh dhe variete t\u00eb p\u00ebrmir\u00ebsuara si Kab\u00ebrnet, Merlot, Riesling, Sangiovese, Chardonay. I gjith\u00eb procesi i p\u00ebrpunimit t\u00eb ver\u00ebs b\u00ebhet n\u00eb form\u00ebn e nj\u00eb cikli tv mbyllur duke p\u00ebrdorur standarte t\u00eb larta higjene dhe cil\u00ebsie n\u00eb prodhim. Produktet tona jan\u00eb: ver\u00eb e kuqe (Kab\u00ebrnet, Merlot,Shesh) ver\u00eb e bardh\u00eb (Riesling dhe Chardonay).","breadcrumb":{"@id":"https:\/\/kantinafamiljareshehi.al\/wines\/#breadcrumb"},"inLanguage":"en-US","potentialAction":[{"@type":"ReadAction","target":["https:\/\/kantinafamiljareshehi.al\/wines\/"]}]},{"@type":"BreadcrumbList","@id":"https:\/\/kantinafamiljareshehi.al\/wines\/#breadcrumb","itemListElement":[{"@type":"ListItem","position":1,"name":"Home","item":"https:\/\/kantinafamiljareshehi.al\/"},{"@type":"ListItem","position":2,"name":"Wines"}]},{"@type":"WebSite","@id":"https:\/\/kantinafamiljareshehi.al\/#website","url":"https:\/\/kantinafamiljareshehi.al\/","name":"Kantina Familjare Shehi","description":"","alternateName":"Kantina Familjare Shehi","potentialAction":[{"@type":"SearchAction","target":{"@type":"EntryPoint","urlTemplate":"https:\/\/kantinafamiljareshehi.al\/?s={search_term_string}"},"query-input":"required name=search_term_string"}],"inLanguage":"en-US"}]}},"_links":{"self":[{"href":"https:\/\/kantinafamiljareshehi.al\/en\/wp-json\/wp\/v2\/pages\/166","targetHints":{"allow":["GET"]}}],"collection":[{"href":"https:\/\/kantinafamiljareshehi.al\/en\/wp-json\/wp\/v2\/pages"}],"about":[{"href":"https:\/\/kantinafamiljareshehi.al\/en\/wp-json\/wp\/v2\/types\/page"}],"author":[{"embeddable":true,"href":"https:\/\/kantinafamiljareshehi.al\/en\/wp-json\/wp\/v2\/users\/1"}],"replies":[{"embeddable":true,"href":"https:\/\/kantinafamiljareshehi.al\/en\/wp-json\/wp\/v2\/comments?post=166"}],"version-history":[{"count":1,"href":"https:\/\/kantinafamiljareshehi.al\/en\/wp-json\/wp\/v2\/pages\/166\/revisions"}],"predecessor-version":[{"id":593,"href":"https:\/\/kantinafamiljareshehi.al\/en\/wp-json\/wp\/v2\/pages\/166\/revisions\/593"}],"wp:attachment":[{"href":"https:\/\/kantinafamiljareshehi.al\/en\/wp-json\/wp\/v2\/media?parent=166"}],"curies":[{"name":"wp","href":"https:\/\/api.w.org\/{rel}","templated":true}]}}