{"id":205,"date":"2024-01-25T00:30:15","date_gmt":"2024-01-25T00:30:15","guid":{"rendered":"http:\/\/localhost\/kantinafamiljare\/?page_id=205"},"modified":"2025-04-28T09:38:25","modified_gmt":"2025-04-28T09:38:25","slug":"wine-tasting","status":"publish","type":"page","link":"https:\/\/kantinafamiljareshehi.al\/en\/wine-tasting\/","title":{"rendered":"Wine Tasting"},"content":{"rendered":"","protected":false},"excerpt":{"rendered":"","protected":false},"author":1,"featured_media":0,"parent":0,"menu_order":0,"comment_status":"closed","ping_status":"closed","template":"pages\/wine-tasting.php","meta":{"footnotes":""},"class_list":["post-205","page","type-page","status-publish","hentry"],"yoast_head":"<!-- This site is optimized with the Yoast SEO plugin v22.1 - https:\/\/yoast.com\/wordpress\/plugins\/seo\/ -->\n<title>Wine Tasting - Kantina Familjare Shehi<\/title>\n<meta name=\"description\" content=\"Wine Tasting - Ekperienca e Degustimit t\u00eb Ver\u00ebs Bashkohuni me ne mes kodrave dhe peizazheve t\u00eb gjelb\u00ebruara t\u00eb Fark\u00ebs, vet\u00ebm 15 minuta larg qendr\u00ebs s\u00eb Tiran\u00ebs, familja jon\u00eb ju fton n\u00eb nj\u00eb shije intime vere, ku tradita dhe pasioni derdhen n\u00eb \u00e7do got\u00eb.\" \/>\n<meta name=\"robots\" content=\"index, follow, max-snippet:-1, max-image-preview:large, max-video-preview:-1\" \/>\n<link rel=\"canonical\" href=\"https:\/\/kantinafamiljareshehi.al\/en\/wine-tasting\/\" \/>\n<meta property=\"og:locale\" content=\"en_US\" \/>\n<meta property=\"og:type\" content=\"article\" \/>\n<meta property=\"og:title\" content=\"Wine Tasting - Kantina Familjare Shehi\" \/>\n<meta property=\"og:description\" content=\"Wine Tasting - Ekperienca e Degustimit t\u00eb Ver\u00ebs Bashkohuni me ne mes kodrave dhe peizazheve t\u00eb gjelb\u00ebruara t\u00eb Fark\u00ebs, vet\u00ebm 15 minuta larg qendr\u00ebs s\u00eb Tiran\u00ebs, familja jon\u00eb ju fton n\u00eb nj\u00eb shije intime vere, ku tradita dhe pasioni derdhen n\u00eb \u00e7do got\u00eb.\" \/>\n<meta property=\"og:url\" content=\"https:\/\/kantinafamiljareshehi.al\/en\/wine-tasting\/\" \/>\n<meta property=\"og:site_name\" content=\"Kantina Familjare Shehi\" \/>\n<meta property=\"article:publisher\" content=\"https:\/\/www.facebook.com\/p\/Kantina-FamiljareSHEHI-Farke-100064076227104\/\" \/>\n<meta property=\"article:modified_time\" content=\"2025-04-28T09:38:25+00:00\" \/>\n<meta name=\"twitter:card\" content=\"summary_large_image\" \/>\n<script type=\"application\/ld+json\" class=\"yoast-schema-graph\">{\"@context\":\"https:\/\/schema.org\",\"@graph\":[{\"@type\":\"WebPage\",\"@id\":\"https:\/\/kantinafamiljareshehi.al\/wine-tasting\/\",\"url\":\"https:\/\/kantinafamiljareshehi.al\/wine-tasting\/\",\"name\":\"Wine Tasting - Kantina Familjare Shehi\",\"isPartOf\":{\"@id\":\"https:\/\/kantinafamiljareshehi.al\/#website\"},\"datePublished\":\"2024-01-25T00:30:15+00:00\",\"dateModified\":\"2025-04-28T09:38:25+00:00\",\"description\":\"Wine Tasting - Ekperienca e Degustimit t\u00eb Ver\u00ebs Bashkohuni me ne mes kodrave dhe peizazheve t\u00eb gjelb\u00ebruara t\u00eb Fark\u00ebs, vet\u00ebm 15 minuta larg qendr\u00ebs s\u00eb Tiran\u00ebs, familja jon\u00eb ju fton n\u00eb nj\u00eb shije intime vere, ku tradita dhe pasioni derdhen n\u00eb \u00e7do got\u00eb.\",\"breadcrumb\":{\"@id\":\"https:\/\/kantinafamiljareshehi.al\/wine-tasting\/#breadcrumb\"},\"inLanguage\":\"en-US\",\"potentialAction\":[{\"@type\":\"ReadAction\",\"target\":[\"https:\/\/kantinafamiljareshehi.al\/wine-tasting\/\"]}]},{\"@type\":\"BreadcrumbList\",\"@id\":\"https:\/\/kantinafamiljareshehi.al\/wine-tasting\/#breadcrumb\",\"itemListElement\":[{\"@type\":\"ListItem\",\"position\":1,\"name\":\"Home\",\"item\":\"https:\/\/kantinafamiljareshehi.al\/\"},{\"@type\":\"ListItem\",\"position\":2,\"name\":\"Wine Tasting\"}]},{\"@type\":\"WebSite\",\"@id\":\"https:\/\/kantinafamiljareshehi.al\/#website\",\"url\":\"https:\/\/kantinafamiljareshehi.al\/\",\"name\":\"Kantina Familjare Shehi\",\"description\":\"\",\"alternateName\":\"Kantina Familjare Shehi\",\"potentialAction\":[{\"@type\":\"SearchAction\",\"target\":{\"@type\":\"EntryPoint\",\"urlTemplate\":\"https:\/\/kantinafamiljareshehi.al\/?s={search_term_string}\"},\"query-input\":\"required name=search_term_string\"}],\"inLanguage\":\"en-US\"}]}<\/script>\n<!-- \/ Yoast SEO plugin. -->","yoast_head_json":{"title":"Wine Tasting - Kantina Familjare Shehi","description":"Wine Tasting - Ekperienca e Degustimit t\u00eb Ver\u00ebs Bashkohuni me ne mes kodrave dhe peizazheve t\u00eb gjelb\u00ebruara t\u00eb Fark\u00ebs, vet\u00ebm 15 minuta larg qendr\u00ebs s\u00eb Tiran\u00ebs, familja jon\u00eb ju fton n\u00eb nj\u00eb shije intime vere, ku tradita dhe pasioni derdhen n\u00eb \u00e7do got\u00eb.","robots":{"index":"index","follow":"follow","max-snippet":"max-snippet:-1","max-image-preview":"max-image-preview:large","max-video-preview":"max-video-preview:-1"},"canonical":"https:\/\/kantinafamiljareshehi.al\/en\/wine-tasting\/","og_locale":"en_US","og_type":"article","og_title":"Wine Tasting - Kantina Familjare Shehi","og_description":"Wine Tasting - Ekperienca e Degustimit t\u00eb Ver\u00ebs Bashkohuni me ne mes kodrave dhe peizazheve t\u00eb gjelb\u00ebruara t\u00eb Fark\u00ebs, vet\u00ebm 15 minuta larg qendr\u00ebs s\u00eb Tiran\u00ebs, familja jon\u00eb ju fton n\u00eb nj\u00eb shije intime vere, ku tradita dhe pasioni derdhen n\u00eb \u00e7do got\u00eb.","og_url":"https:\/\/kantinafamiljareshehi.al\/en\/wine-tasting\/","og_site_name":"Kantina Familjare Shehi","article_publisher":"https:\/\/www.facebook.com\/p\/Kantina-FamiljareSHEHI-Farke-100064076227104\/","article_modified_time":"2025-04-28T09:38:25+00:00","twitter_card":"summary_large_image","schema":{"@context":"https:\/\/schema.org","@graph":[{"@type":"WebPage","@id":"https:\/\/kantinafamiljareshehi.al\/wine-tasting\/","url":"https:\/\/kantinafamiljareshehi.al\/wine-tasting\/","name":"Wine Tasting - Kantina Familjare Shehi","isPartOf":{"@id":"https:\/\/kantinafamiljareshehi.al\/#website"},"datePublished":"2024-01-25T00:30:15+00:00","dateModified":"2025-04-28T09:38:25+00:00","description":"Wine Tasting - Ekperienca e Degustimit t\u00eb Ver\u00ebs Bashkohuni me ne mes kodrave dhe peizazheve t\u00eb gjelb\u00ebruara t\u00eb Fark\u00ebs, vet\u00ebm 15 minuta larg qendr\u00ebs s\u00eb Tiran\u00ebs, familja jon\u00eb ju fton n\u00eb nj\u00eb shije intime vere, ku tradita dhe pasioni derdhen n\u00eb \u00e7do got\u00eb.","breadcrumb":{"@id":"https:\/\/kantinafamiljareshehi.al\/wine-tasting\/#breadcrumb"},"inLanguage":"en-US","potentialAction":[{"@type":"ReadAction","target":["https:\/\/kantinafamiljareshehi.al\/wine-tasting\/"]}]},{"@type":"BreadcrumbList","@id":"https:\/\/kantinafamiljareshehi.al\/wine-tasting\/#breadcrumb","itemListElement":[{"@type":"ListItem","position":1,"name":"Home","item":"https:\/\/kantinafamiljareshehi.al\/"},{"@type":"ListItem","position":2,"name":"Wine Tasting"}]},{"@type":"WebSite","@id":"https:\/\/kantinafamiljareshehi.al\/#website","url":"https:\/\/kantinafamiljareshehi.al\/","name":"Kantina Familjare Shehi","description":"","alternateName":"Kantina Familjare Shehi","potentialAction":[{"@type":"SearchAction","target":{"@type":"EntryPoint","urlTemplate":"https:\/\/kantinafamiljareshehi.al\/?s={search_term_string}"},"query-input":"required name=search_term_string"}],"inLanguage":"en-US"}]}},"_links":{"self":[{"href":"https:\/\/kantinafamiljareshehi.al\/en\/wp-json\/wp\/v2\/pages\/205","targetHints":{"allow":["GET"]}}],"collection":[{"href":"https:\/\/kantinafamiljareshehi.al\/en\/wp-json\/wp\/v2\/pages"}],"about":[{"href":"https:\/\/kantinafamiljareshehi.al\/en\/wp-json\/wp\/v2\/types\/page"}],"author":[{"embeddable":true,"href":"https:\/\/kantinafamiljareshehi.al\/en\/wp-json\/wp\/v2\/users\/1"}],"replies":[{"embeddable":true,"href":"https:\/\/kantinafamiljareshehi.al\/en\/wp-json\/wp\/v2\/comments?post=205"}],"version-history":[{"count":50,"href":"https:\/\/kantinafamiljareshehi.al\/en\/wp-json\/wp\/v2\/pages\/205\/revisions"}],"predecessor-version":[{"id":753,"href":"https:\/\/kantinafamiljareshehi.al\/en\/wp-json\/wp\/v2\/pages\/205\/revisions\/753"}],"wp:attachment":[{"href":"https:\/\/kantinafamiljareshehi.al\/en\/wp-json\/wp\/v2\/media?parent=205"}],"curies":[{"name":"wp","href":"https:\/\/api.w.org\/{rel}","templated":true}]}}