{"id":224,"date":"2024-01-25T01:02:56","date_gmt":"2024-01-25T01:02:56","guid":{"rendered":"http:\/\/localhost\/kantinafamiljare\/?page_id=224"},"modified":"2026-04-06T14:46:28","modified_gmt":"2026-04-06T14:46:28","slug":"contact-us","status":"publish","type":"page","link":"https:\/\/kantinafamiljareshehi.al\/en\/contact-us\/","title":{"rendered":"Contact Us"},"content":{"rendered":"","protected":false},"excerpt":{"rendered":"","protected":false},"author":1,"featured_media":0,"parent":0,"menu_order":0,"comment_status":"closed","ping_status":"closed","template":"pages\/contact-us.php","meta":{"footnotes":""},"class_list":["post-224","page","type-page","status-publish","hentry"],"yoast_head":"<!-- This site is optimized with the Yoast SEO plugin v22.1 - https:\/\/yoast.com\/wordpress\/plugins\/seo\/ -->\n<title>Contact Us - Kantina Familjare Shehi<\/title>\n<meta name=\"description\" content=\"Contact Us - 1. Ndiqni Rrug\u00ebn e Fark\u00ebs q\u00eb vjen nga TEG 2. Arrini te rrethrrotullimi i Xhamis\u00eb s\u00eb Re t\u00eb Fark\u00ebs 3. Kthehuni djathtas n\u00eb rrug\u00ebn dyt\u00ebsore 4. Vazhdoni drejt p\u00ebr rreth 2\u20133 minuta \ud83c\udf77 Mb\u00ebrrini te Kantina Familjare Shehi  \ud83d\udccc Ju lutemi mos vazhdoni drejt pas rrethrrotullimit \u2013 kthesa \u00ebsht\u00eb DJATHTAS.  KONTAKT Farke e madhe, Tirane\" \/>\n<meta name=\"robots\" content=\"index, follow, max-snippet:-1, max-image-preview:large, max-video-preview:-1\" \/>\n<link rel=\"canonical\" href=\"https:\/\/kantinafamiljareshehi.al\/en\/contact-us\/\" \/>\n<meta property=\"og:locale\" content=\"en_US\" \/>\n<meta property=\"og:type\" content=\"article\" \/>\n<meta property=\"og:title\" content=\"Contact Us - Kantina Familjare Shehi\" \/>\n<meta property=\"og:description\" content=\"Contact Us - 1. Ndiqni Rrug\u00ebn e Fark\u00ebs q\u00eb vjen nga TEG 2. Arrini te rrethrrotullimi i Xhamis\u00eb s\u00eb Re t\u00eb Fark\u00ebs 3. Kthehuni djathtas n\u00eb rrug\u00ebn dyt\u00ebsore 4. Vazhdoni drejt p\u00ebr rreth 2\u20133 minuta \ud83c\udf77 Mb\u00ebrrini te Kantina Familjare Shehi  \ud83d\udccc Ju lutemi mos vazhdoni drejt pas rrethrrotullimit \u2013 kthesa \u00ebsht\u00eb DJATHTAS.  KONTAKT Farke e madhe, Tirane\" \/>\n<meta property=\"og:url\" content=\"https:\/\/kantinafamiljareshehi.al\/en\/contact-us\/\" \/>\n<meta property=\"og:site_name\" content=\"Kantina Familjare Shehi\" \/>\n<meta property=\"article:publisher\" content=\"https:\/\/www.facebook.com\/p\/Kantina-FamiljareSHEHI-Farke-100064076227104\/\" \/>\n<meta property=\"article:modified_time\" content=\"2026-04-06T14:46:28+00:00\" \/>\n<meta name=\"twitter:card\" content=\"summary_large_image\" \/>\n<script type=\"application\/ld+json\" class=\"yoast-schema-graph\">{\"@context\":\"https:\/\/schema.org\",\"@graph\":[{\"@type\":\"WebPage\",\"@id\":\"https:\/\/kantinafamiljareshehi.al\/contact-us\/\",\"url\":\"https:\/\/kantinafamiljareshehi.al\/contact-us\/\",\"name\":\"Contact Us - Kantina Familjare Shehi\",\"isPartOf\":{\"@id\":\"https:\/\/kantinafamiljareshehi.al\/#website\"},\"datePublished\":\"2024-01-25T01:02:56+00:00\",\"dateModified\":\"2026-04-06T14:46:28+00:00\",\"description\":\"Contact Us - 1. Ndiqni Rrug\u00ebn e Fark\u00ebs q\u00eb vjen nga TEG 2. Arrini te rrethrrotullimi i Xhamis\u00eb s\u00eb Re t\u00eb Fark\u00ebs 3. Kthehuni djathtas n\u00eb rrug\u00ebn dyt\u00ebsore 4. Vazhdoni drejt p\u00ebr rreth 2\u20133 minuta \ud83c\udf77 Mb\u00ebrrini te Kantina Familjare Shehi \ud83d\udccc Ju lutemi mos vazhdoni drejt pas rrethrrotullimit \u2013 kthesa \u00ebsht\u00eb DJATHTAS. KONTAKT Farke e madhe, Tirane\",\"breadcrumb\":{\"@id\":\"https:\/\/kantinafamiljareshehi.al\/contact-us\/#breadcrumb\"},\"inLanguage\":\"en-US\",\"potentialAction\":[{\"@type\":\"ReadAction\",\"target\":[\"https:\/\/kantinafamiljareshehi.al\/contact-us\/\"]}]},{\"@type\":\"BreadcrumbList\",\"@id\":\"https:\/\/kantinafamiljareshehi.al\/contact-us\/#breadcrumb\",\"itemListElement\":[{\"@type\":\"ListItem\",\"position\":1,\"name\":\"Home\",\"item\":\"https:\/\/kantinafamiljareshehi.al\/\"},{\"@type\":\"ListItem\",\"position\":2,\"name\":\"Contact Us\"}]},{\"@type\":\"WebSite\",\"@id\":\"https:\/\/kantinafamiljareshehi.al\/#website\",\"url\":\"https:\/\/kantinafamiljareshehi.al\/\",\"name\":\"Kantina Familjare Shehi\",\"description\":\"\",\"alternateName\":\"Kantina Familjare Shehi\",\"potentialAction\":[{\"@type\":\"SearchAction\",\"target\":{\"@type\":\"EntryPoint\",\"urlTemplate\":\"https:\/\/kantinafamiljareshehi.al\/?s={search_term_string}\"},\"query-input\":\"required name=search_term_string\"}],\"inLanguage\":\"en-US\"}]}<\/script>\n<!-- \/ Yoast SEO plugin. -->","yoast_head_json":{"title":"Contact Us - Kantina Familjare Shehi","description":"Contact Us - 1. Ndiqni Rrug\u00ebn e Fark\u00ebs q\u00eb vjen nga TEG 2. Arrini te rrethrrotullimi i Xhamis\u00eb s\u00eb Re t\u00eb Fark\u00ebs 3. Kthehuni djathtas n\u00eb rrug\u00ebn dyt\u00ebsore 4. Vazhdoni drejt p\u00ebr rreth 2\u20133 minuta \ud83c\udf77 Mb\u00ebrrini te Kantina Familjare Shehi  \ud83d\udccc Ju lutemi mos vazhdoni drejt pas rrethrrotullimit \u2013 kthesa \u00ebsht\u00eb DJATHTAS.  KONTAKT Farke e madhe, Tirane","robots":{"index":"index","follow":"follow","max-snippet":"max-snippet:-1","max-image-preview":"max-image-preview:large","max-video-preview":"max-video-preview:-1"},"canonical":"https:\/\/kantinafamiljareshehi.al\/en\/contact-us\/","og_locale":"en_US","og_type":"article","og_title":"Contact Us - Kantina Familjare Shehi","og_description":"Contact Us - 1. Ndiqni Rrug\u00ebn e Fark\u00ebs q\u00eb vjen nga TEG 2. Arrini te rrethrrotullimi i Xhamis\u00eb s\u00eb Re t\u00eb Fark\u00ebs 3. Kthehuni djathtas n\u00eb rrug\u00ebn dyt\u00ebsore 4. Vazhdoni drejt p\u00ebr rreth 2\u20133 minuta \ud83c\udf77 Mb\u00ebrrini te Kantina Familjare Shehi  \ud83d\udccc Ju lutemi mos vazhdoni drejt pas rrethrrotullimit \u2013 kthesa \u00ebsht\u00eb DJATHTAS.  KONTAKT Farke e madhe, Tirane","og_url":"https:\/\/kantinafamiljareshehi.al\/en\/contact-us\/","og_site_name":"Kantina Familjare Shehi","article_publisher":"https:\/\/www.facebook.com\/p\/Kantina-FamiljareSHEHI-Farke-100064076227104\/","article_modified_time":"2026-04-06T14:46:28+00:00","twitter_card":"summary_large_image","schema":{"@context":"https:\/\/schema.org","@graph":[{"@type":"WebPage","@id":"https:\/\/kantinafamiljareshehi.al\/contact-us\/","url":"https:\/\/kantinafamiljareshehi.al\/contact-us\/","name":"Contact Us - Kantina Familjare Shehi","isPartOf":{"@id":"https:\/\/kantinafamiljareshehi.al\/#website"},"datePublished":"2024-01-25T01:02:56+00:00","dateModified":"2026-04-06T14:46:28+00:00","description":"Contact Us - 1. Ndiqni Rrug\u00ebn e Fark\u00ebs q\u00eb vjen nga TEG 2. Arrini te rrethrrotullimi i Xhamis\u00eb s\u00eb Re t\u00eb Fark\u00ebs 3. Kthehuni djathtas n\u00eb rrug\u00ebn dyt\u00ebsore 4. Vazhdoni drejt p\u00ebr rreth 2\u20133 minuta \ud83c\udf77 Mb\u00ebrrini te Kantina Familjare Shehi \ud83d\udccc Ju lutemi mos vazhdoni drejt pas rrethrrotullimit \u2013 kthesa \u00ebsht\u00eb DJATHTAS. KONTAKT Farke e madhe, Tirane","breadcrumb":{"@id":"https:\/\/kantinafamiljareshehi.al\/contact-us\/#breadcrumb"},"inLanguage":"en-US","potentialAction":[{"@type":"ReadAction","target":["https:\/\/kantinafamiljareshehi.al\/contact-us\/"]}]},{"@type":"BreadcrumbList","@id":"https:\/\/kantinafamiljareshehi.al\/contact-us\/#breadcrumb","itemListElement":[{"@type":"ListItem","position":1,"name":"Home","item":"https:\/\/kantinafamiljareshehi.al\/"},{"@type":"ListItem","position":2,"name":"Contact Us"}]},{"@type":"WebSite","@id":"https:\/\/kantinafamiljareshehi.al\/#website","url":"https:\/\/kantinafamiljareshehi.al\/","name":"Kantina Familjare Shehi","description":"","alternateName":"Kantina Familjare Shehi","potentialAction":[{"@type":"SearchAction","target":{"@type":"EntryPoint","urlTemplate":"https:\/\/kantinafamiljareshehi.al\/?s={search_term_string}"},"query-input":"required name=search_term_string"}],"inLanguage":"en-US"}]}},"_links":{"self":[{"href":"https:\/\/kantinafamiljareshehi.al\/en\/wp-json\/wp\/v2\/pages\/224","targetHints":{"allow":["GET"]}}],"collection":[{"href":"https:\/\/kantinafamiljareshehi.al\/en\/wp-json\/wp\/v2\/pages"}],"about":[{"href":"https:\/\/kantinafamiljareshehi.al\/en\/wp-json\/wp\/v2\/types\/page"}],"author":[{"embeddable":true,"href":"https:\/\/kantinafamiljareshehi.al\/en\/wp-json\/wp\/v2\/users\/1"}],"replies":[{"embeddable":true,"href":"https:\/\/kantinafamiljareshehi.al\/en\/wp-json\/wp\/v2\/comments?post=224"}],"version-history":[{"count":9,"href":"https:\/\/kantinafamiljareshehi.al\/en\/wp-json\/wp\/v2\/pages\/224\/revisions"}],"predecessor-version":[{"id":835,"href":"https:\/\/kantinafamiljareshehi.al\/en\/wp-json\/wp\/v2\/pages\/224\/revisions\/835"}],"wp:attachment":[{"href":"https:\/\/kantinafamiljareshehi.al\/en\/wp-json\/wp\/v2\/media?parent=224"}],"curies":[{"name":"wp","href":"https:\/\/api.w.org\/{rel}","templated":true}]}}